{"id":1157,"date":"2014-04-13T22:26:42","date_gmt":"2014-04-13T22:26:42","guid":{"rendered":"http:\/\/artedacrianca.com.br\/arteweb\/?page_id=1157"},"modified":"2015-09-14T22:48:48","modified_gmt":"2015-09-14T22:48:48","slug":"newsletter","status":"publish","type":"page","link":"https:\/\/artedacrianca.com.br\/arteweb\/newsletter\/","title":{"rendered":"Newsletter"},"content":{"rendered":"<h3><!-- Begin MailChimp Signup Form -->Basta digitar seu e-mail para receber nossas M\u00fasicas e Not\u00edcias<\/h3>\n<h3>Depois ser\u00e1 enviada uma mensagem para voc\u00ea, para que seja confirmado o seu registro.<\/h3>\n<p>Inscreva-se.<\/p>\n<div id=\"mc_embed_signup\">\n<form id=\"mc-embedded-subscribe-form\" class=\"validate\" action=\"\/\/artedacrianca.us2.list-manage.com\/subscribe\/post?u=4c7429e4712a34b7dbfe89ca1&amp;id=5507d187f6\" method=\"post\" name=\"mc-embedded-subscribe-form\" novalidate=\"\" target=\"_blank\">\n<div id=\"mc_embed_signup_scroll\"><input id=\"mce-EMAIL\" class=\"email\" name=\"EMAIL\" required=\"\" type=\"email\" value=\"\" placeholder=\"email address\" \/><br \/>\n<!-- real people should not fill this in and expect good things - do not remove this or risk form bot signups--><\/p>\n<div style=\"position: absolute; left: -5000px;\"><input tabindex=\"-1\" name=\"b_4c7429e4712a34b7dbfe89ca1_5507d187f6\" type=\"text\" value=\"\" \/><\/div>\n<div class=\"clear\"><input id=\"mc-embedded-subscribe\" class=\"button\" name=\"subscribe\" type=\"submit\" value=\"Subscribe\" \/><\/div>\n<\/div>\n<\/form>\n<\/div>\n<p><!--End mc_embed_signup--><\/p>\n","protected":false},"excerpt":{"rendered":"<p>Basta digitar seu e-mail para receber nossas M\u00fasicas e Not\u00edcias Depois ser\u00e1 enviada uma mensagem para voc\u00ea, para que seja confirmado o seu registro. Inscreva-se.<\/p>\n","protected":false},"author":2,"featured_media":0,"parent":0,"menu_order":0,"comment_status":"open","ping_status":"open","template":"","meta":{"jetpack_post_was_ever_published":false,"footnotes":""},"jetpack_sharing_enabled":true,"jetpack_shortlink":"https:\/\/wp.me\/P60yxG-iF","_links":{"self":[{"href":"https:\/\/artedacrianca.com.br\/arteweb\/wp-json\/wp\/v2\/pages\/1157"}],"collection":[{"href":"https:\/\/artedacrianca.com.br\/arteweb\/wp-json\/wp\/v2\/pages"}],"about":[{"href":"https:\/\/artedacrianca.com.br\/arteweb\/wp-json\/wp\/v2\/types\/page"}],"author":[{"embeddable":true,"href":"https:\/\/artedacrianca.com.br\/arteweb\/wp-json\/wp\/v2\/users\/2"}],"replies":[{"embeddable":true,"href":"https:\/\/artedacrianca.com.br\/arteweb\/wp-json\/wp\/v2\/comments?post=1157"}],"version-history":[{"count":7,"href":"https:\/\/artedacrianca.com.br\/arteweb\/wp-json\/wp\/v2\/pages\/1157\/revisions"}],"predecessor-version":[{"id":1518,"href":"https:\/\/artedacrianca.com.br\/arteweb\/wp-json\/wp\/v2\/pages\/1157\/revisions\/1518"}],"wp:attachment":[{"href":"https:\/\/artedacrianca.com.br\/arteweb\/wp-json\/wp\/v2\/media?parent=1157"}],"curies":[{"name":"wp","href":"https:\/\/api.w.org\/{rel}","templated":true}]}}